{"id":8346,"date":"2023-01-20T08:59:33","date_gmt":"2023-01-20T08:59:33","guid":{"rendered":"http:\/\/www.altum-marine.com\/site-map\/"},"modified":"2024-01-03T12:17:30","modified_gmt":"2024-01-03T12:17:30","slug":"site-map","status":"publish","type":"page","link":"https:\/\/www.altum-marine.com\/en\/site-map\/","title":{"rendered":"Sitemap"},"content":{"rendered":"","protected":false},"excerpt":{"rendered":"","protected":false},"author":1,"featured_media":0,"parent":0,"menu_order":0,"comment_status":"closed","ping_status":"closed","template":"","meta":[],"yoast_head":"<!-- This site is optimized with the Yoast SEO plugin v21.7 - https:\/\/yoast.com\/wordpress\/plugins\/seo\/ -->\n<title>Sitemap - Altum, ingenier\u00eda naval y consultor\u00eda t\u00e9cnica<\/title>\n<meta name=\"robots\" content=\"noindex, follow\" \/>\n<meta property=\"og:locale\" content=\"en_US\" \/>\n<meta property=\"og:type\" content=\"article\" \/>\n<meta property=\"og:title\" content=\"Sitemap - Altum, ingenier\u00eda naval y consultor\u00eda t\u00e9cnica\" \/>\n<meta property=\"og:url\" content=\"https:\/\/www.altum-marine.com\/en\/site-map\/\" \/>\n<meta property=\"og:site_name\" content=\"Altum, ingenier\u00eda naval y consultor\u00eda t\u00e9cnica\" \/>\n<meta property=\"article:modified_time\" content=\"2024-01-03T12:17:30+00:00\" \/>\n<meta name=\"twitter:card\" content=\"summary_large_image\" \/>\n<script type=\"application\/ld+json\" class=\"yoast-schema-graph\">{\"@context\":\"https:\/\/schema.org\",\"@graph\":[{\"@type\":\"WebPage\",\"@id\":\"https:\/\/www.altum-marine.com\/en\/site-map\/\",\"url\":\"https:\/\/www.altum-marine.com\/en\/site-map\/\",\"name\":\"Sitemap - Altum, ingenier\u00eda naval y consultor\u00eda t\u00e9cnica\",\"isPartOf\":{\"@id\":\"https:\/\/www.altum-marine.com\/en\/#website\"},\"datePublished\":\"2023-01-20T08:59:33+00:00\",\"dateModified\":\"2024-01-03T12:17:30+00:00\",\"breadcrumb\":{\"@id\":\"https:\/\/www.altum-marine.com\/en\/site-map\/#breadcrumb\"},\"inLanguage\":\"en-US\",\"potentialAction\":[{\"@type\":\"ReadAction\",\"target\":[\"https:\/\/www.altum-marine.com\/en\/site-map\/\"]}]},{\"@type\":\"BreadcrumbList\",\"@id\":\"https:\/\/www.altum-marine.com\/en\/site-map\/#breadcrumb\",\"itemListElement\":[{\"@type\":\"ListItem\",\"position\":1,\"name\":\"Home\",\"item\":\"https:\/\/www.altum-marine.com\/en\/\"},{\"@type\":\"ListItem\",\"position\":2,\"name\":\"Sitemap\"}]},{\"@type\":\"WebSite\",\"@id\":\"https:\/\/www.altum-marine.com\/en\/#website\",\"url\":\"https:\/\/www.altum-marine.com\/en\/\",\"name\":\"Altum, ingenier\u00eda naval y consultor\u00eda t\u00e9cnica\",\"description\":\"Apostamos por la innovaci\u00f3n y la mejora constante\",\"publisher\":{\"@id\":\"https:\/\/www.altum-marine.com\/en\/#organization\"},\"potentialAction\":[{\"@type\":\"SearchAction\",\"target\":{\"@type\":\"EntryPoint\",\"urlTemplate\":\"https:\/\/www.altum-marine.com\/en\/?s={search_term_string}\"},\"query-input\":\"required name=search_term_string\"}],\"inLanguage\":\"en-US\"},{\"@type\":\"Organization\",\"@id\":\"https:\/\/www.altum-marine.com\/en\/#organization\",\"name\":\"Altum, ingenier\u00eda naval y consultor\u00eda t\u00e9cnica\",\"url\":\"https:\/\/www.altum-marine.com\/en\/\",\"logo\":{\"@type\":\"ImageObject\",\"inLanguage\":\"en-US\",\"@id\":\"https:\/\/www.altum-marine.com\/en\/#\/schema\/logo\/image\/\",\"url\":\"https:\/\/www.altum-marine.com\/wp-content\/uploads\/2022\/12\/consultoria-martitima-lg.png\",\"contentUrl\":\"https:\/\/www.altum-marine.com\/wp-content\/uploads\/2022\/12\/consultoria-martitima-lg.png\",\"width\":200,\"height\":100,\"caption\":\"Altum, ingenier\u00eda naval y consultor\u00eda t\u00e9cnica\"},\"image\":{\"@id\":\"https:\/\/www.altum-marine.com\/en\/#\/schema\/logo\/image\/\"},\"sameAs\":[\"https:\/\/www.linkedin.com\/company\/altum-ingeniera-y-servicios-s-l-\/\"]}]}<\/script>\n<!-- \/ Yoast SEO plugin. -->","yoast_head_json":{"title":"Sitemap - Altum, ingenier\u00eda naval y consultor\u00eda t\u00e9cnica","robots":{"index":"noindex","follow":"follow"},"og_locale":"en_US","og_type":"article","og_title":"Sitemap - Altum, ingenier\u00eda naval y consultor\u00eda t\u00e9cnica","og_url":"https:\/\/www.altum-marine.com\/en\/site-map\/","og_site_name":"Altum, ingenier\u00eda naval y consultor\u00eda t\u00e9cnica","article_modified_time":"2024-01-03T12:17:30+00:00","twitter_card":"summary_large_image","schema":{"@context":"https:\/\/schema.org","@graph":[{"@type":"WebPage","@id":"https:\/\/www.altum-marine.com\/en\/site-map\/","url":"https:\/\/www.altum-marine.com\/en\/site-map\/","name":"Sitemap - Altum, ingenier\u00eda naval y consultor\u00eda t\u00e9cnica","isPartOf":{"@id":"https:\/\/www.altum-marine.com\/en\/#website"},"datePublished":"2023-01-20T08:59:33+00:00","dateModified":"2024-01-03T12:17:30+00:00","breadcrumb":{"@id":"https:\/\/www.altum-marine.com\/en\/site-map\/#breadcrumb"},"inLanguage":"en-US","potentialAction":[{"@type":"ReadAction","target":["https:\/\/www.altum-marine.com\/en\/site-map\/"]}]},{"@type":"BreadcrumbList","@id":"https:\/\/www.altum-marine.com\/en\/site-map\/#breadcrumb","itemListElement":[{"@type":"ListItem","position":1,"name":"Home","item":"https:\/\/www.altum-marine.com\/en\/"},{"@type":"ListItem","position":2,"name":"Sitemap"}]},{"@type":"WebSite","@id":"https:\/\/www.altum-marine.com\/en\/#website","url":"https:\/\/www.altum-marine.com\/en\/","name":"Altum, ingenier\u00eda naval y consultor\u00eda t\u00e9cnica","description":"Apostamos por la innovaci\u00f3n y la mejora constante","publisher":{"@id":"https:\/\/www.altum-marine.com\/en\/#organization"},"potentialAction":[{"@type":"SearchAction","target":{"@type":"EntryPoint","urlTemplate":"https:\/\/www.altum-marine.com\/en\/?s={search_term_string}"},"query-input":"required name=search_term_string"}],"inLanguage":"en-US"},{"@type":"Organization","@id":"https:\/\/www.altum-marine.com\/en\/#organization","name":"Altum, ingenier\u00eda naval y consultor\u00eda t\u00e9cnica","url":"https:\/\/www.altum-marine.com\/en\/","logo":{"@type":"ImageObject","inLanguage":"en-US","@id":"https:\/\/www.altum-marine.com\/en\/#\/schema\/logo\/image\/","url":"https:\/\/www.altum-marine.com\/wp-content\/uploads\/2022\/12\/consultoria-martitima-lg.png","contentUrl":"https:\/\/www.altum-marine.com\/wp-content\/uploads\/2022\/12\/consultoria-martitima-lg.png","width":200,"height":100,"caption":"Altum, ingenier\u00eda naval y consultor\u00eda t\u00e9cnica"},"image":{"@id":"https:\/\/www.altum-marine.com\/en\/#\/schema\/logo\/image\/"},"sameAs":["https:\/\/www.linkedin.com\/company\/altum-ingeniera-y-servicios-s-l-\/"]}]}},"_links":{"self":[{"href":"https:\/\/www.altum-marine.com\/en\/wp-json\/wp\/v2\/pages\/8346"}],"collection":[{"href":"https:\/\/www.altum-marine.com\/en\/wp-json\/wp\/v2\/pages"}],"about":[{"href":"https:\/\/www.altum-marine.com\/en\/wp-json\/wp\/v2\/types\/page"}],"author":[{"embeddable":true,"href":"https:\/\/www.altum-marine.com\/en\/wp-json\/wp\/v2\/users\/1"}],"replies":[{"embeddable":true,"href":"https:\/\/www.altum-marine.com\/en\/wp-json\/wp\/v2\/comments?post=8346"}],"version-history":[{"count":4,"href":"https:\/\/www.altum-marine.com\/en\/wp-json\/wp\/v2\/pages\/8346\/revisions"}],"predecessor-version":[{"id":10094,"href":"https:\/\/www.altum-marine.com\/en\/wp-json\/wp\/v2\/pages\/8346\/revisions\/10094"}],"wp:attachment":[{"href":"https:\/\/www.altum-marine.com\/en\/wp-json\/wp\/v2\/media?parent=8346"}],"curies":[{"name":"wp","href":"https:\/\/api.w.org\/{rel}","templated":true}]}}