{"id":9201,"date":"2018-12-22T07:05:20","date_gmt":"2018-12-22T07:05:20","guid":{"rendered":"https:\/\/www.altum-marine.com\/activities\/marine-surveyor\/"},"modified":"2023-09-21T08:04:03","modified_gmt":"2023-09-21T08:04:03","slug":"technical-assistance-and-maritime-consultancy","status":"publish","type":"page","link":"https:\/\/www.altum-marine.com\/en\/activities\/technical-assistance-and-maritime-consultancy\/","title":{"rendered":"Technical Assistance and Maritime Consultancy"},"content":{"rendered":"","protected":false},"excerpt":{"rendered":"","protected":false},"author":1,"featured_media":0,"parent":8308,"menu_order":0,"comment_status":"closed","ping_status":"closed","template":"","meta":[],"yoast_head":"<!-- This site is optimized with the Yoast SEO plugin v21.7 - https:\/\/yoast.com\/wordpress\/plugins\/seo\/ -->\n<title>Technical Assistance and Maritime Consultancy<\/title>\n<meta name=\"description\" content=\"We offer our clients all kinds of advice on: Analysis of the technical\/productive capacity of the shipyard, pre-financing reports...\" \/>\n<meta name=\"robots\" content=\"index, follow, max-snippet:-1, max-image-preview:large, max-video-preview:-1\" \/>\n<link rel=\"canonical\" href=\"https:\/\/www.altum-marine.com\/en\/activities\/technical-assistance-and-maritime-consultancy\/\" \/>\n<meta property=\"og:locale\" content=\"en_US\" \/>\n<meta property=\"og:type\" content=\"article\" \/>\n<meta property=\"og:title\" content=\"Technical Assistance and Maritime Consultancy\" \/>\n<meta property=\"og:description\" content=\"We offer our clients all kinds of advice on: Analysis of the technical\/productive capacity of the shipyard, pre-financing reports...\" \/>\n<meta property=\"og:url\" content=\"https:\/\/www.altum-marine.com\/en\/activities\/technical-assistance-and-maritime-consultancy\/\" \/>\n<meta property=\"og:site_name\" content=\"Altum, ingenier\u00eda naval y consultor\u00eda t\u00e9cnica\" \/>\n<meta property=\"article:modified_time\" content=\"2023-09-21T08:04:03+00:00\" \/>\n<meta name=\"twitter:card\" content=\"summary_large_image\" \/>\n<script type=\"application\/ld+json\" class=\"yoast-schema-graph\">{\"@context\":\"https:\/\/schema.org\",\"@graph\":[{\"@type\":\"WebPage\",\"@id\":\"https:\/\/www.altum-marine.com\/en\/activities\/technical-assistance-and-maritime-consultancy\/\",\"url\":\"https:\/\/www.altum-marine.com\/en\/activities\/technical-assistance-and-maritime-consultancy\/\",\"name\":\"Technical Assistance and Maritime Consultancy\",\"isPartOf\":{\"@id\":\"https:\/\/www.altum-marine.com\/en\/#website\"},\"datePublished\":\"2018-12-22T07:05:20+00:00\",\"dateModified\":\"2023-09-21T08:04:03+00:00\",\"description\":\"We offer our clients all kinds of advice on: Analysis of the technical\/productive capacity of the shipyard, pre-financing reports...\",\"breadcrumb\":{\"@id\":\"https:\/\/www.altum-marine.com\/en\/activities\/technical-assistance-and-maritime-consultancy\/#breadcrumb\"},\"inLanguage\":\"en-US\",\"potentialAction\":[{\"@type\":\"ReadAction\",\"target\":[\"https:\/\/www.altum-marine.com\/en\/activities\/technical-assistance-and-maritime-consultancy\/\"]}]},{\"@type\":\"BreadcrumbList\",\"@id\":\"https:\/\/www.altum-marine.com\/en\/activities\/technical-assistance-and-maritime-consultancy\/#breadcrumb\",\"itemListElement\":[{\"@type\":\"ListItem\",\"position\":1,\"name\":\"Home\",\"item\":\"https:\/\/www.altum-marine.com\/en\/\"},{\"@type\":\"ListItem\",\"position\":2,\"name\":\"Activities\",\"item\":\"https:\/\/www.altum-marine.com\/en\/activities\/\"},{\"@type\":\"ListItem\",\"position\":3,\"name\":\"Technical Assistance and Maritime Consultancy\"}]},{\"@type\":\"WebSite\",\"@id\":\"https:\/\/www.altum-marine.com\/en\/#website\",\"url\":\"https:\/\/www.altum-marine.com\/en\/\",\"name\":\"Altum, ingenier\u00eda naval y consultor\u00eda t\u00e9cnica\",\"description\":\"Apostamos por la innovaci\u00f3n y la mejora constante\",\"publisher\":{\"@id\":\"https:\/\/www.altum-marine.com\/en\/#organization\"},\"potentialAction\":[{\"@type\":\"SearchAction\",\"target\":{\"@type\":\"EntryPoint\",\"urlTemplate\":\"https:\/\/www.altum-marine.com\/en\/?s={search_term_string}\"},\"query-input\":\"required name=search_term_string\"}],\"inLanguage\":\"en-US\"},{\"@type\":\"Organization\",\"@id\":\"https:\/\/www.altum-marine.com\/en\/#organization\",\"name\":\"Altum, ingenier\u00eda naval y consultor\u00eda t\u00e9cnica\",\"url\":\"https:\/\/www.altum-marine.com\/en\/\",\"logo\":{\"@type\":\"ImageObject\",\"inLanguage\":\"en-US\",\"@id\":\"https:\/\/www.altum-marine.com\/en\/#\/schema\/logo\/image\/\",\"url\":\"https:\/\/www.altum-marine.com\/wp-content\/uploads\/2022\/12\/consultoria-martitima-lg.png\",\"contentUrl\":\"https:\/\/www.altum-marine.com\/wp-content\/uploads\/2022\/12\/consultoria-martitima-lg.png\",\"width\":200,\"height\":100,\"caption\":\"Altum, ingenier\u00eda naval y consultor\u00eda t\u00e9cnica\"},\"image\":{\"@id\":\"https:\/\/www.altum-marine.com\/en\/#\/schema\/logo\/image\/\"},\"sameAs\":[\"https:\/\/www.linkedin.com\/company\/altum-ingeniera-y-servicios-s-l-\/\"]}]}<\/script>\n<!-- \/ Yoast SEO plugin. -->","yoast_head_json":{"title":"Technical Assistance and Maritime Consultancy","description":"We offer our clients all kinds of advice on: Analysis of the technical\/productive capacity of the shipyard, pre-financing reports...","robots":{"index":"index","follow":"follow","max-snippet":"max-snippet:-1","max-image-preview":"max-image-preview:large","max-video-preview":"max-video-preview:-1"},"canonical":"https:\/\/www.altum-marine.com\/en\/activities\/technical-assistance-and-maritime-consultancy\/","og_locale":"en_US","og_type":"article","og_title":"Technical Assistance and Maritime Consultancy","og_description":"We offer our clients all kinds of advice on: Analysis of the technical\/productive capacity of the shipyard, pre-financing reports...","og_url":"https:\/\/www.altum-marine.com\/en\/activities\/technical-assistance-and-maritime-consultancy\/","og_site_name":"Altum, ingenier\u00eda naval y consultor\u00eda t\u00e9cnica","article_modified_time":"2023-09-21T08:04:03+00:00","twitter_card":"summary_large_image","schema":{"@context":"https:\/\/schema.org","@graph":[{"@type":"WebPage","@id":"https:\/\/www.altum-marine.com\/en\/activities\/technical-assistance-and-maritime-consultancy\/","url":"https:\/\/www.altum-marine.com\/en\/activities\/technical-assistance-and-maritime-consultancy\/","name":"Technical Assistance and Maritime Consultancy","isPartOf":{"@id":"https:\/\/www.altum-marine.com\/en\/#website"},"datePublished":"2018-12-22T07:05:20+00:00","dateModified":"2023-09-21T08:04:03+00:00","description":"We offer our clients all kinds of advice on: Analysis of the technical\/productive capacity of the shipyard, pre-financing reports...","breadcrumb":{"@id":"https:\/\/www.altum-marine.com\/en\/activities\/technical-assistance-and-maritime-consultancy\/#breadcrumb"},"inLanguage":"en-US","potentialAction":[{"@type":"ReadAction","target":["https:\/\/www.altum-marine.com\/en\/activities\/technical-assistance-and-maritime-consultancy\/"]}]},{"@type":"BreadcrumbList","@id":"https:\/\/www.altum-marine.com\/en\/activities\/technical-assistance-and-maritime-consultancy\/#breadcrumb","itemListElement":[{"@type":"ListItem","position":1,"name":"Home","item":"https:\/\/www.altum-marine.com\/en\/"},{"@type":"ListItem","position":2,"name":"Activities","item":"https:\/\/www.altum-marine.com\/en\/activities\/"},{"@type":"ListItem","position":3,"name":"Technical Assistance and Maritime Consultancy"}]},{"@type":"WebSite","@id":"https:\/\/www.altum-marine.com\/en\/#website","url":"https:\/\/www.altum-marine.com\/en\/","name":"Altum, ingenier\u00eda naval y consultor\u00eda t\u00e9cnica","description":"Apostamos por la innovaci\u00f3n y la mejora constante","publisher":{"@id":"https:\/\/www.altum-marine.com\/en\/#organization"},"potentialAction":[{"@type":"SearchAction","target":{"@type":"EntryPoint","urlTemplate":"https:\/\/www.altum-marine.com\/en\/?s={search_term_string}"},"query-input":"required name=search_term_string"}],"inLanguage":"en-US"},{"@type":"Organization","@id":"https:\/\/www.altum-marine.com\/en\/#organization","name":"Altum, ingenier\u00eda naval y consultor\u00eda t\u00e9cnica","url":"https:\/\/www.altum-marine.com\/en\/","logo":{"@type":"ImageObject","inLanguage":"en-US","@id":"https:\/\/www.altum-marine.com\/en\/#\/schema\/logo\/image\/","url":"https:\/\/www.altum-marine.com\/wp-content\/uploads\/2022\/12\/consultoria-martitima-lg.png","contentUrl":"https:\/\/www.altum-marine.com\/wp-content\/uploads\/2022\/12\/consultoria-martitima-lg.png","width":200,"height":100,"caption":"Altum, ingenier\u00eda naval y consultor\u00eda t\u00e9cnica"},"image":{"@id":"https:\/\/www.altum-marine.com\/en\/#\/schema\/logo\/image\/"},"sameAs":["https:\/\/www.linkedin.com\/company\/altum-ingeniera-y-servicios-s-l-\/"]}]}},"_links":{"self":[{"href":"https:\/\/www.altum-marine.com\/en\/wp-json\/wp\/v2\/pages\/9201"}],"collection":[{"href":"https:\/\/www.altum-marine.com\/en\/wp-json\/wp\/v2\/pages"}],"about":[{"href":"https:\/\/www.altum-marine.com\/en\/wp-json\/wp\/v2\/types\/page"}],"author":[{"embeddable":true,"href":"https:\/\/www.altum-marine.com\/en\/wp-json\/wp\/v2\/users\/1"}],"replies":[{"embeddable":true,"href":"https:\/\/www.altum-marine.com\/en\/wp-json\/wp\/v2\/comments?post=9201"}],"version-history":[{"count":5,"href":"https:\/\/www.altum-marine.com\/en\/wp-json\/wp\/v2\/pages\/9201\/revisions"}],"predecessor-version":[{"id":9869,"href":"https:\/\/www.altum-marine.com\/en\/wp-json\/wp\/v2\/pages\/9201\/revisions\/9869"}],"up":[{"embeddable":true,"href":"https:\/\/www.altum-marine.com\/en\/wp-json\/wp\/v2\/pages\/8308"}],"wp:attachment":[{"href":"https:\/\/www.altum-marine.com\/en\/wp-json\/wp\/v2\/media?parent=9201"}],"curies":[{"name":"wp","href":"https:\/\/api.w.org\/{rel}","templated":true}]}}